{"id":11,"date":"2019-06-07T17:09:54","date_gmt":"2019-06-07T17:09:54","guid":{"rendered":"http:\/\/klemenshippel.com\/?page_id=11"},"modified":"2020-01-13T09:05:19","modified_gmt":"2020-01-13T09:05:19","slug":"links","status":"publish","type":"page","link":"https:\/\/klemenshippel.com\/?page_id=11","title":{"rendered":"Multimedia und Kreatives"},"content":{"rendered":"\n<p><a href=\"https:\/\/klemenshippel.com\/?page_id=75\">\u201elieber zu fus zu gehen\u201c<br>Mit Mozart auf Reisen<\/a><\/p>\n\n\n\n<p><a rel=\"noreferrer noopener\" aria-label=\"Telemann im Spotlight\nDas Theatermagazin  (\u00f6ffnet in neuem Tab)\" href=\"https:\/\/www.der-theaterverlag.de\/theatermagazin\/dtm\/theatermagazin-10-2017\/spotlight-telemann\/\" target=\"_blank\">Telemann im Spotlight<br>Das Theatermagazin 10\/2017 <\/a><\/p>\n\n\n\n<p><a rel=\"noreferrer noopener\" aria-label=\"Ingmar Bergmans &quot;Zauberfl\u00f6te&quot;\nDas Theatermagazin  (\u00f6ffnet in neuem Tab)\" href=\"https:\/\/www.der-theaterverlag.de\/theatermagazin\/dtm\/theatermagazin-08-2018\/bergmans-zauberfloete\/\" target=\"_blank\">Die Kunst der Perspektive: Ingmar Bergmans &#8222;Zauberfl\u00f6te&#8220;<br>Das Theatermagazin 8\/2018 <\/a><\/p>\n\n\n\n<p><a href=\"https:\/\/klemenshippel.com\/?page_id=162\">Die H\u00f6rprobe<br>Mozart h\u00f6ren mit Gitti Pirner<\/a><\/p>\n\n\n\n<p><a href=\"https:\/\/klemenshippel.com\/?page_id=165\">Die H\u00f6rprobe<br>Bach und Scarlatti h\u00f6ren mit Andreas Staier<\/a><\/p>\n\n\n\n<p><\/p>\n","protected":false},"excerpt":{"rendered":"<p>\u201elieber zu fus zu gehen\u201cMit Mozart auf Reisen Telemann im SpotlightDas Theatermagazin 10\/2017 Die Kunst der Perspektive: Ingmar Bergmans &#8222;Zauberfl\u00f6te&#8220;Das Theatermagazin 8\/2018 Die H\u00f6rprobeMozart h\u00f6ren mit Gitti Pirner Die H\u00f6rprobeBach und Scarlatti h\u00f6ren mit Andreas Staier<\/p>\n","protected":false},"author":1,"featured_media":0,"parent":0,"menu_order":0,"comment_status":"closed","ping_status":"closed","template":"","meta":{"footnotes":""},"class_list":["post-11","page","type-page","status-publish","hentry"],"yoast_head":"<!-- This site is optimized with the Yoast SEO plugin v27.3 - https:\/\/yoast.com\/product\/yoast-seo-wordpress\/ -->\n<title>Multimedia und Kreatives - Klemens Hippel<\/title>\n<meta name=\"robots\" content=\"index, follow, max-snippet:-1, max-image-preview:large, max-video-preview:-1\" \/>\n<link rel=\"canonical\" href=\"https:\/\/klemenshippel.com\/?page_id=11\" \/>\n<meta property=\"og:locale\" content=\"de_DE\" \/>\n<meta property=\"og:type\" content=\"article\" \/>\n<meta property=\"og:title\" content=\"Multimedia und Kreatives - Klemens Hippel\" \/>\n<meta property=\"og:description\" content=\"\u201elieber zu fus zu gehen\u201cMit Mozart auf Reisen Telemann im SpotlightDas Theatermagazin 10\/2017 Die Kunst der Perspektive: Ingmar Bergmans &#8222;Zauberfl\u00f6te&#8220;Das Theatermagazin 8\/2018 Die H\u00f6rprobeMozart h\u00f6ren mit Gitti Pirner Die H\u00f6rprobeBach und Scarlatti h\u00f6ren mit Andreas Staier\" \/>\n<meta property=\"og:url\" content=\"https:\/\/klemenshippel.com\/?page_id=11\" \/>\n<meta property=\"og:site_name\" content=\"Klemens Hippel\" \/>\n<meta property=\"article:modified_time\" content=\"2020-01-13T09:05:19+00:00\" \/>\n<meta name=\"twitter:card\" content=\"summary_large_image\" \/>\n<script type=\"application\/ld+json\" class=\"yoast-schema-graph\">{\"@context\":\"https:\\\/\\\/schema.org\",\"@graph\":[{\"@type\":\"WebPage\",\"@id\":\"https:\\\/\\\/klemenshippel.com\\\/?page_id=11\",\"url\":\"https:\\\/\\\/klemenshippel.com\\\/?page_id=11\",\"name\":\"Multimedia und Kreatives - Klemens Hippel\",\"isPartOf\":{\"@id\":\"https:\\\/\\\/klemenshippel.com\\\/#website\"},\"datePublished\":\"2019-06-07T17:09:54+00:00\",\"dateModified\":\"2020-01-13T09:05:19+00:00\",\"breadcrumb\":{\"@id\":\"https:\\\/\\\/klemenshippel.com\\\/?page_id=11#breadcrumb\"},\"inLanguage\":\"de\",\"potentialAction\":[{\"@type\":\"ReadAction\",\"target\":[\"https:\\\/\\\/klemenshippel.com\\\/?page_id=11\"]}]},{\"@type\":\"BreadcrumbList\",\"@id\":\"https:\\\/\\\/klemenshippel.com\\\/?page_id=11#breadcrumb\",\"itemListElement\":[{\"@type\":\"ListItem\",\"position\":1,\"name\":\"Startseite\",\"item\":\"https:\\\/\\\/klemenshippel.com\\\/\"},{\"@type\":\"ListItem\",\"position\":2,\"name\":\"Multimedia und Kreatives\"}]},{\"@type\":\"WebSite\",\"@id\":\"https:\\\/\\\/klemenshippel.com\\\/#website\",\"url\":\"https:\\\/\\\/klemenshippel.com\\\/\",\"name\":\"Klemens Hippel\",\"description\":\"Klassik - Texte - Redaktion\",\"potentialAction\":[{\"@type\":\"SearchAction\",\"target\":{\"@type\":\"EntryPoint\",\"urlTemplate\":\"https:\\\/\\\/klemenshippel.com\\\/?s={search_term_string}\"},\"query-input\":{\"@type\":\"PropertyValueSpecification\",\"valueRequired\":true,\"valueName\":\"search_term_string\"}}],\"inLanguage\":\"de\"}]}<\/script>\n<!-- \/ Yoast SEO plugin. -->","yoast_head_json":{"title":"Multimedia und Kreatives - Klemens Hippel","robots":{"index":"index","follow":"follow","max-snippet":"max-snippet:-1","max-image-preview":"max-image-preview:large","max-video-preview":"max-video-preview:-1"},"canonical":"https:\/\/klemenshippel.com\/?page_id=11","og_locale":"de_DE","og_type":"article","og_title":"Multimedia und Kreatives - Klemens Hippel","og_description":"\u201elieber zu fus zu gehen\u201cMit Mozart auf Reisen Telemann im SpotlightDas Theatermagazin 10\/2017 Die Kunst der Perspektive: Ingmar Bergmans &#8222;Zauberfl\u00f6te&#8220;Das Theatermagazin 8\/2018 Die H\u00f6rprobeMozart h\u00f6ren mit Gitti Pirner Die H\u00f6rprobeBach und Scarlatti h\u00f6ren mit Andreas Staier","og_url":"https:\/\/klemenshippel.com\/?page_id=11","og_site_name":"Klemens Hippel","article_modified_time":"2020-01-13T09:05:19+00:00","twitter_card":"summary_large_image","schema":{"@context":"https:\/\/schema.org","@graph":[{"@type":"WebPage","@id":"https:\/\/klemenshippel.com\/?page_id=11","url":"https:\/\/klemenshippel.com\/?page_id=11","name":"Multimedia und Kreatives - Klemens Hippel","isPartOf":{"@id":"https:\/\/klemenshippel.com\/#website"},"datePublished":"2019-06-07T17:09:54+00:00","dateModified":"2020-01-13T09:05:19+00:00","breadcrumb":{"@id":"https:\/\/klemenshippel.com\/?page_id=11#breadcrumb"},"inLanguage":"de","potentialAction":[{"@type":"ReadAction","target":["https:\/\/klemenshippel.com\/?page_id=11"]}]},{"@type":"BreadcrumbList","@id":"https:\/\/klemenshippel.com\/?page_id=11#breadcrumb","itemListElement":[{"@type":"ListItem","position":1,"name":"Startseite","item":"https:\/\/klemenshippel.com\/"},{"@type":"ListItem","position":2,"name":"Multimedia und Kreatives"}]},{"@type":"WebSite","@id":"https:\/\/klemenshippel.com\/#website","url":"https:\/\/klemenshippel.com\/","name":"Klemens Hippel","description":"Klassik - Texte - Redaktion","potentialAction":[{"@type":"SearchAction","target":{"@type":"EntryPoint","urlTemplate":"https:\/\/klemenshippel.com\/?s={search_term_string}"},"query-input":{"@type":"PropertyValueSpecification","valueRequired":true,"valueName":"search_term_string"}}],"inLanguage":"de"}]}},"_links":{"self":[{"href":"https:\/\/klemenshippel.com\/index.php?rest_route=\/wp\/v2\/pages\/11","targetHints":{"allow":["GET"]}}],"collection":[{"href":"https:\/\/klemenshippel.com\/index.php?rest_route=\/wp\/v2\/pages"}],"about":[{"href":"https:\/\/klemenshippel.com\/index.php?rest_route=\/wp\/v2\/types\/page"}],"author":[{"embeddable":true,"href":"https:\/\/klemenshippel.com\/index.php?rest_route=\/wp\/v2\/users\/1"}],"replies":[{"embeddable":true,"href":"https:\/\/klemenshippel.com\/index.php?rest_route=%2Fwp%2Fv2%2Fcomments&post=11"}],"version-history":[{"count":15,"href":"https:\/\/klemenshippel.com\/index.php?rest_route=\/wp\/v2\/pages\/11\/revisions"}],"predecessor-version":[{"id":171,"href":"https:\/\/klemenshippel.com\/index.php?rest_route=\/wp\/v2\/pages\/11\/revisions\/171"}],"wp:attachment":[{"href":"https:\/\/klemenshippel.com\/index.php?rest_route=%2Fwp%2Fv2%2Fmedia&parent=11"}],"curies":[{"name":"wp","href":"https:\/\/api.w.org\/{rel}","templated":true}]}}