{"id":142,"date":"2019-07-01T13:00:44","date_gmt":"2019-07-01T13:00:44","guid":{"rendered":"http:\/\/klemenshippel.com\/?page_id=142"},"modified":"2019-07-01T13:09:48","modified_gmt":"2019-07-01T13:09:48","slug":"musikgeschichte","status":"publish","type":"page","link":"https:\/\/klemenshippel.com\/?page_id=142","title":{"rendered":"Musikgeschichte"},"content":{"rendered":"\n<p><a href=\"https:\/\/klemenshippel.com\/?page_id=144\">Gregorianik<br>Interview mit Wilfried Rombach<\/a><\/p>\n\n\n\n<p><a href=\"https:\/\/klemenshippel.com\/?page_id=135\">Mit der Zeitmaschine zum Baron Grimm<br>Reinhard Goebel im Gespr\u00e4ch<\/a><\/p>\n\n\n\n<p><a href=\"https:\/\/klemenshippel.com\/?page_id=133\">Der unbekannte Beethoven<br>Was wir alles nicht \u00fcber ihn wissen<\/a><\/p>\n\n\n\n<p><a rel=\"noreferrer noopener\" href=\"https:\/\/klemenshippel.com\/?page_id=51\" target=\"_blank\">Anton Bruckner<\/a><br><a rel=\"noreferrer noopener\" href=\"https:\/\/klemenshippel.com\/?page_id=51\" target=\"_blank\">Ber\u00fchmt mit 60<\/a><\/p>\n","protected":false},"excerpt":{"rendered":"<p>GregorianikInterview mit Wilfried Rombach Mit der Zeitmaschine zum Baron GrimmReinhard Goebel im Gespr\u00e4ch Der unbekannte BeethovenWas wir alles nicht \u00fcber ihn wissen Anton BrucknerBer\u00fchmt mit 60<\/p>\n","protected":false},"author":1,"featured_media":0,"parent":0,"menu_order":0,"comment_status":"closed","ping_status":"closed","template":"","meta":{"footnotes":""},"class_list":["post-142","page","type-page","status-publish","hentry"],"yoast_head":"<!-- This site is optimized with the Yoast SEO plugin v27.3 - https:\/\/yoast.com\/product\/yoast-seo-wordpress\/ -->\n<title>Musikgeschichte - Klemens Hippel<\/title>\n<meta name=\"robots\" content=\"index, follow, max-snippet:-1, max-image-preview:large, max-video-preview:-1\" \/>\n<link rel=\"canonical\" href=\"https:\/\/klemenshippel.com\/?page_id=142\" \/>\n<meta property=\"og:locale\" content=\"de_DE\" \/>\n<meta property=\"og:type\" content=\"article\" \/>\n<meta property=\"og:title\" content=\"Musikgeschichte - Klemens Hippel\" \/>\n<meta property=\"og:description\" content=\"GregorianikInterview mit Wilfried Rombach Mit der Zeitmaschine zum Baron GrimmReinhard Goebel im Gespr\u00e4ch Der unbekannte BeethovenWas wir alles nicht \u00fcber ihn wissen Anton BrucknerBer\u00fchmt mit 60\" \/>\n<meta property=\"og:url\" content=\"https:\/\/klemenshippel.com\/?page_id=142\" \/>\n<meta property=\"og:site_name\" content=\"Klemens Hippel\" \/>\n<meta property=\"article:modified_time\" content=\"2019-07-01T13:09:48+00:00\" \/>\n<meta name=\"twitter:card\" content=\"summary_large_image\" \/>\n<script type=\"application\/ld+json\" class=\"yoast-schema-graph\">{\"@context\":\"https:\\\/\\\/schema.org\",\"@graph\":[{\"@type\":\"WebPage\",\"@id\":\"https:\\\/\\\/klemenshippel.com\\\/?page_id=142\",\"url\":\"https:\\\/\\\/klemenshippel.com\\\/?page_id=142\",\"name\":\"Musikgeschichte - Klemens Hippel\",\"isPartOf\":{\"@id\":\"https:\\\/\\\/klemenshippel.com\\\/#website\"},\"datePublished\":\"2019-07-01T13:00:44+00:00\",\"dateModified\":\"2019-07-01T13:09:48+00:00\",\"breadcrumb\":{\"@id\":\"https:\\\/\\\/klemenshippel.com\\\/?page_id=142#breadcrumb\"},\"inLanguage\":\"de\",\"potentialAction\":[{\"@type\":\"ReadAction\",\"target\":[\"https:\\\/\\\/klemenshippel.com\\\/?page_id=142\"]}]},{\"@type\":\"BreadcrumbList\",\"@id\":\"https:\\\/\\\/klemenshippel.com\\\/?page_id=142#breadcrumb\",\"itemListElement\":[{\"@type\":\"ListItem\",\"position\":1,\"name\":\"Startseite\",\"item\":\"https:\\\/\\\/klemenshippel.com\\\/\"},{\"@type\":\"ListItem\",\"position\":2,\"name\":\"Musikgeschichte\"}]},{\"@type\":\"WebSite\",\"@id\":\"https:\\\/\\\/klemenshippel.com\\\/#website\",\"url\":\"https:\\\/\\\/klemenshippel.com\\\/\",\"name\":\"Klemens Hippel\",\"description\":\"Klassik - Texte - Redaktion\",\"potentialAction\":[{\"@type\":\"SearchAction\",\"target\":{\"@type\":\"EntryPoint\",\"urlTemplate\":\"https:\\\/\\\/klemenshippel.com\\\/?s={search_term_string}\"},\"query-input\":{\"@type\":\"PropertyValueSpecification\",\"valueRequired\":true,\"valueName\":\"search_term_string\"}}],\"inLanguage\":\"de\"}]}<\/script>\n<!-- \/ Yoast SEO plugin. -->","yoast_head_json":{"title":"Musikgeschichte - Klemens Hippel","robots":{"index":"index","follow":"follow","max-snippet":"max-snippet:-1","max-image-preview":"max-image-preview:large","max-video-preview":"max-video-preview:-1"},"canonical":"https:\/\/klemenshippel.com\/?page_id=142","og_locale":"de_DE","og_type":"article","og_title":"Musikgeschichte - Klemens Hippel","og_description":"GregorianikInterview mit Wilfried Rombach Mit der Zeitmaschine zum Baron GrimmReinhard Goebel im Gespr\u00e4ch Der unbekannte BeethovenWas wir alles nicht \u00fcber ihn wissen Anton BrucknerBer\u00fchmt mit 60","og_url":"https:\/\/klemenshippel.com\/?page_id=142","og_site_name":"Klemens Hippel","article_modified_time":"2019-07-01T13:09:48+00:00","twitter_card":"summary_large_image","schema":{"@context":"https:\/\/schema.org","@graph":[{"@type":"WebPage","@id":"https:\/\/klemenshippel.com\/?page_id=142","url":"https:\/\/klemenshippel.com\/?page_id=142","name":"Musikgeschichte - Klemens Hippel","isPartOf":{"@id":"https:\/\/klemenshippel.com\/#website"},"datePublished":"2019-07-01T13:00:44+00:00","dateModified":"2019-07-01T13:09:48+00:00","breadcrumb":{"@id":"https:\/\/klemenshippel.com\/?page_id=142#breadcrumb"},"inLanguage":"de","potentialAction":[{"@type":"ReadAction","target":["https:\/\/klemenshippel.com\/?page_id=142"]}]},{"@type":"BreadcrumbList","@id":"https:\/\/klemenshippel.com\/?page_id=142#breadcrumb","itemListElement":[{"@type":"ListItem","position":1,"name":"Startseite","item":"https:\/\/klemenshippel.com\/"},{"@type":"ListItem","position":2,"name":"Musikgeschichte"}]},{"@type":"WebSite","@id":"https:\/\/klemenshippel.com\/#website","url":"https:\/\/klemenshippel.com\/","name":"Klemens Hippel","description":"Klassik - Texte - Redaktion","potentialAction":[{"@type":"SearchAction","target":{"@type":"EntryPoint","urlTemplate":"https:\/\/klemenshippel.com\/?s={search_term_string}"},"query-input":{"@type":"PropertyValueSpecification","valueRequired":true,"valueName":"search_term_string"}}],"inLanguage":"de"}]}},"_links":{"self":[{"href":"https:\/\/klemenshippel.com\/index.php?rest_route=\/wp\/v2\/pages\/142","targetHints":{"allow":["GET"]}}],"collection":[{"href":"https:\/\/klemenshippel.com\/index.php?rest_route=\/wp\/v2\/pages"}],"about":[{"href":"https:\/\/klemenshippel.com\/index.php?rest_route=\/wp\/v2\/types\/page"}],"author":[{"embeddable":true,"href":"https:\/\/klemenshippel.com\/index.php?rest_route=\/wp\/v2\/users\/1"}],"replies":[{"embeddable":true,"href":"https:\/\/klemenshippel.com\/index.php?rest_route=%2Fwp%2Fv2%2Fcomments&post=142"}],"version-history":[{"count":6,"href":"https:\/\/klemenshippel.com\/index.php?rest_route=\/wp\/v2\/pages\/142\/revisions"}],"predecessor-version":[{"id":152,"href":"https:\/\/klemenshippel.com\/index.php?rest_route=\/wp\/v2\/pages\/142\/revisions\/152"}],"wp:attachment":[{"href":"https:\/\/klemenshippel.com\/index.php?rest_route=%2Fwp%2Fv2%2Fmedia&parent=142"}],"curies":[{"name":"wp","href":"https:\/\/api.w.org\/{rel}","templated":true}]}}